{"id":5959,"date":"2025-06-23T14:39:46","date_gmt":"2025-06-23T19:39:46","guid":{"rendered":"https:\/\/sarapinilla.com.co\/?post_type=product&#038;p=5959"},"modified":"2026-02-16T11:29:46","modified_gmt":"2026-02-16T16:29:46","slug":"cofre","status":"publish","type":"product","link":"https:\/\/sarapinilla.com.co\/en\/product\/cofre\/","title":{"rendered":"Cofre"},"content":{"rendered":"<p data-start=\"752\" data-end=\"1004\">El Cofre es un modelo peque\u00f1o y \u00fanico, pensado para quienes prefieren llevar solo lo necesario sin renunciar al dise\u00f1o. Su formato estructurado con un fuelle expandible, permite tener las cosas a la mano y le da presencia, mientras que la combinaci\u00f3n de cuero y mola lo convierte en una pieza con identidad propia.<\/p>\n<p data-start=\"1006\" data-end=\"1245\">Cuenta con una cargadera removible y ajustable que permite llevarlo al hombro, cruzado o en la mano, adapt\u00e1ndose a distintos momentos del d\u00eda. Es un bolso discreto, pero con car\u00e1cter, ideal para salidas cortas o eventos donde menos es m\u00e1s.<\/p>","protected":false},"excerpt":{"rendered":"<p>Pieza compacta y estructurada para llevar lo esencial con car\u00e1cter. Un equilibrio entre forma, cuero y mola.<\/p>","protected":false},"featured_media":6170,"template":"","meta":{"site-sidebar-layout":"default","site-content-layout":"","ast-site-content-layout":"normal-width-container","site-content-style":"boxed","site-sidebar-style":"default","ast-global-header-display":"","ast-banner-title-visibility":"","ast-main-header-display":"","ast-hfb-above-header-display":"","ast-hfb-below-header-display":"","ast-hfb-mobile-header-display":"","site-post-title":"","ast-breadcrumbs-content":"","ast-featured-img":"","footer-sml-layout":"","ast-disable-related-posts":"","theme-transparent-header-meta":"enabled","adv-header-id-meta":"","stick-header-meta":"","header-above-stick-meta":"","header-main-stick-meta":"","header-below-stick-meta":"","astra-migrate-meta-layouts":"set","ast-page-background-enabled":"default","ast-page-background-meta":{"desktop":{"background-color":"","background-image":"","background-repeat":"repeat","background-position":"center center","background-size":"auto","background-attachment":"scroll","background-type":"","background-media":"","overlay-type":"","overlay-color":"","overlay-opacity":"","overlay-gradient":""},"tablet":{"background-color":"","background-image":"","background-repeat":"repeat","background-position":"center center","background-size":"auto","background-attachment":"scroll","background-type":"","background-media":"","overlay-type":"","overlay-color":"","overlay-opacity":"","overlay-gradient":""},"mobile":{"background-color":"","background-image":"","background-repeat":"repeat","background-position":"center center","background-size":"auto","background-attachment":"scroll","background-type":"","background-media":"","overlay-type":"","overlay-color":"","overlay-opacity":"","overlay-gradient":""}},"ast-content-background-meta":{"desktop":{"background-color":"var(--ast-global-color-5)","background-image":"","background-repeat":"repeat","background-position":"center center","background-size":"auto","background-attachment":"scroll","background-type":"","background-media":"","overlay-type":"","overlay-color":"","overlay-opacity":"","overlay-gradient":""},"tablet":{"background-color":"var(--ast-global-color-5)","background-image":"","background-repeat":"repeat","background-position":"center center","background-size":"auto","background-attachment":"scroll","background-type":"","background-media":"","overlay-type":"","overlay-color":"","overlay-opacity":"","overlay-gradient":""},"mobile":{"background-color":"var(--ast-global-color-5)","background-image":"","background-repeat":"repeat","background-position":"center center","background-size":"auto","background-attachment":"scroll","background-type":"","background-media":"","overlay-type":"","overlay-color":"","overlay-opacity":"","overlay-gradient":""}},"_joinchat":[]},"product_brand":[],"product_cat":[199,201],"product_tag":[55,63,56,59,188],"class_list":{"0":"post-5959","1":"product","2":"type-product","3":"status-publish","4":"has-post-thumbnail","6":"product_cat-bolsos","7":"product_cat-ediciones-especiales","8":"product_tag-bolso","9":"product_tag-bolsos","10":"product_tag-cartera","11":"product_tag-clutch","12":"product_tag-tejidos-del-mar","13":"desktop-align-left","14":"tablet-align-left","15":"mobile-align-left","17":"first","18":"onbackorder","19":"shipping-taxable","20":"purchasable","21":"product-type-simple"},"_links":{"self":[{"href":"https:\/\/sarapinilla.com.co\/en\/wp-json\/wp\/v2\/product\/5959","targetHints":{"allow":["GET"]}}],"collection":[{"href":"https:\/\/sarapinilla.com.co\/en\/wp-json\/wp\/v2\/product"}],"about":[{"href":"https:\/\/sarapinilla.com.co\/en\/wp-json\/wp\/v2\/types\/product"}],"version-history":[{"count":3,"href":"https:\/\/sarapinilla.com.co\/en\/wp-json\/wp\/v2\/product\/5959\/revisions"}],"predecessor-version":[{"id":6294,"href":"https:\/\/sarapinilla.com.co\/en\/wp-json\/wp\/v2\/product\/5959\/revisions\/6294"}],"wp:featuredmedia":[{"embeddable":true,"href":"https:\/\/sarapinilla.com.co\/en\/wp-json\/wp\/v2\/media\/6170"}],"wp:attachment":[{"href":"https:\/\/sarapinilla.com.co\/en\/wp-json\/wp\/v2\/media?parent=5959"}],"wp:term":[{"taxonomy":"product_brand","embeddable":true,"href":"https:\/\/sarapinilla.com.co\/en\/wp-json\/wp\/v2\/product_brand?post=5959"},{"taxonomy":"product_cat","embeddable":true,"href":"https:\/\/sarapinilla.com.co\/en\/wp-json\/wp\/v2\/product_cat?post=5959"},{"taxonomy":"product_tag","embeddable":true,"href":"https:\/\/sarapinilla.com.co\/en\/wp-json\/wp\/v2\/product_tag?post=5959"}],"curies":[{"name":"wp","href":"https:\/\/api.w.org\/{rel}","templated":true}]}}