{"id":5356,"date":"2023-09-20T09:41:04","date_gmt":"2023-09-20T14:41:04","guid":{"rendered":"https:\/\/sarapinilla.com.co\/?post_type=product&#038;p=5356"},"modified":"2026-01-13T16:12:27","modified_gmt":"2026-01-13T21:12:27","slug":"clutch","status":"publish","type":"product","link":"https:\/\/sarapinilla.com.co\/en\/product\/clutch\/","title":{"rendered":"Clutch"},"content":{"rendered":"<p data-start=\"4850\" data-end=\"5039\">Este clutch destaca por su dise\u00f1o sencillo y elegante, pensado para complementar looks formales o eventos especiales. Su formato compacto permite llevar lo esencial con discreci\u00f3n y estilo.<\/p>\n<p data-start=\"5041\" data-end=\"5237\">Incluye una cargadera removible que permite llevarlo en la mano o al hombro seg\u00fan la ocasi\u00f3n. La combinaci\u00f3n de cuero y mola aporta un contraste delicado que eleva la pieza sin necesidad de excesos.<\/p>","protected":false},"excerpt":{"rendered":"<p class=\"p1\">Bolso peque\u00f1o y refinado, dise\u00f1ado para ocasiones especiales.<\/p>","protected":false},"featured_media":6204,"template":"","meta":{"site-sidebar-layout":"default","site-content-layout":"","ast-site-content-layout":"default","site-content-style":"default","site-sidebar-style":"default","ast-global-header-display":"","ast-banner-title-visibility":"","ast-main-header-display":"","ast-hfb-above-header-display":"","ast-hfb-below-header-display":"","ast-hfb-mobile-header-display":"","site-post-title":"","ast-breadcrumbs-content":"","ast-featured-img":"","footer-sml-layout":"","ast-disable-related-posts":"","theme-transparent-header-meta":"default","adv-header-id-meta":"","stick-header-meta":"","header-above-stick-meta":"","header-main-stick-meta":"","header-below-stick-meta":"","astra-migrate-meta-layouts":"set","ast-page-background-enabled":"default","ast-page-background-meta":{"desktop":{"background-color":"","background-image":"","background-repeat":"repeat","background-position":"center center","background-size":"auto","background-attachment":"scroll","background-type":"","background-media":"","overlay-type":"","overlay-color":"","overlay-opacity":"","overlay-gradient":""},"tablet":{"background-color":"","background-image":"","background-repeat":"repeat","background-position":"center center","background-size":"auto","background-attachment":"scroll","background-type":"","background-media":"","overlay-type":"","overlay-color":"","overlay-opacity":"","overlay-gradient":""},"mobile":{"background-color":"","background-image":"","background-repeat":"repeat","background-position":"center center","background-size":"auto","background-attachment":"scroll","background-type":"","background-media":"","overlay-type":"","overlay-color":"","overlay-opacity":"","overlay-gradient":""}},"ast-content-background-meta":{"desktop":{"background-color":"var(--ast-global-color-5)","background-image":"","background-repeat":"repeat","background-position":"center center","background-size":"auto","background-attachment":"scroll","background-type":"","background-media":"","overlay-type":"","overlay-color":"","overlay-opacity":"","overlay-gradient":""},"tablet":{"background-color":"var(--ast-global-color-5)","background-image":"","background-repeat":"repeat","background-position":"center center","background-size":"auto","background-attachment":"scroll","background-type":"","background-media":"","overlay-type":"","overlay-color":"","overlay-opacity":"","overlay-gradient":""},"mobile":{"background-color":"var(--ast-global-color-5)","background-image":"","background-repeat":"repeat","background-position":"center center","background-size":"auto","background-attachment":"scroll","background-type":"","background-media":"","overlay-type":"","overlay-color":"","overlay-opacity":"","overlay-gradient":""}},"_joinchat":[]},"product_brand":[],"product_cat":[199],"product_tag":[55,56,59,188],"class_list":{"0":"post-5356","1":"product","2":"type-product","3":"status-publish","4":"has-post-thumbnail","6":"product_cat-bolsos","7":"product_tag-bolso","8":"product_tag-cartera","9":"product_tag-clutch","10":"product_tag-tejidos-del-mar","11":"desktop-align-left","12":"tablet-align-left","13":"mobile-align-left","15":"first","16":"onbackorder","17":"shipping-taxable","18":"purchasable","19":"product-type-simple"},"_links":{"self":[{"href":"https:\/\/sarapinilla.com.co\/en\/wp-json\/wp\/v2\/product\/5356","targetHints":{"allow":["GET"]}}],"collection":[{"href":"https:\/\/sarapinilla.com.co\/en\/wp-json\/wp\/v2\/product"}],"about":[{"href":"https:\/\/sarapinilla.com.co\/en\/wp-json\/wp\/v2\/types\/product"}],"version-history":[{"count":3,"href":"https:\/\/sarapinilla.com.co\/en\/wp-json\/wp\/v2\/product\/5356\/revisions"}],"predecessor-version":[{"id":6242,"href":"https:\/\/sarapinilla.com.co\/en\/wp-json\/wp\/v2\/product\/5356\/revisions\/6242"}],"wp:featuredmedia":[{"embeddable":true,"href":"https:\/\/sarapinilla.com.co\/en\/wp-json\/wp\/v2\/media\/6204"}],"wp:attachment":[{"href":"https:\/\/sarapinilla.com.co\/en\/wp-json\/wp\/v2\/media?parent=5356"}],"wp:term":[{"taxonomy":"product_brand","embeddable":true,"href":"https:\/\/sarapinilla.com.co\/en\/wp-json\/wp\/v2\/product_brand?post=5356"},{"taxonomy":"product_cat","embeddable":true,"href":"https:\/\/sarapinilla.com.co\/en\/wp-json\/wp\/v2\/product_cat?post=5356"},{"taxonomy":"product_tag","embeddable":true,"href":"https:\/\/sarapinilla.com.co\/en\/wp-json\/wp\/v2\/product_tag?post=5356"}],"curies":[{"name":"wp","href":"https:\/\/api.w.org\/{rel}","templated":true}]}}