{"id":5720,"date":"2026-01-06T08:25:46","date_gmt":"2026-01-06T13:25:46","guid":{"rendered":"https:\/\/sarapinilla.com.co\/?page_id=5720"},"modified":"2026-01-09T08:17:08","modified_gmt":"2026-01-09T13:17:08","slug":"seccion-b2b","status":"publish","type":"page","link":"https:\/\/sarapinilla.com.co\/en\/seccion-b2b\/","title":{"rendered":"B2B"},"content":{"rendered":"\t\t<div data-elementor-type=\"wp-page\" data-elementor-id=\"5720\" class=\"elementor elementor-5720\">\n\t\t\t\t<div class=\"elementor-element elementor-element-709da0e e-flex e-con-boxed e-con e-parent\" data-id=\"709da0e\" data-element_type=\"container\" data-e-type=\"container\">\n\t\t\t\t\t<div class=\"e-con-inner\">\n\t\t\t\t<div class=\"elementor-element elementor-element-c916cf8 elementor-widget elementor-widget-heading\" data-id=\"c916cf8\" data-element_type=\"widget\" data-e-type=\"widget\" data-widget_type=\"heading.default\">\n\t\t\t\t<div class=\"elementor-widget-container\">\n\t\t\t\t\t<h2 class=\"elementor-heading-title elementor-size-default\">Conecta tu Negocio con la Esencia de Colombia\n<\/h2>\t\t\t\t<\/div>\n\t\t\t\t<\/div>\n\t\t\t\t\t<\/div>\n\t\t\t\t<\/div>\n\t\t<div class=\"elementor-element elementor-element-5948be7 e-flex e-con-boxed e-con e-parent\" data-id=\"5948be7\" data-element_type=\"container\" data-e-type=\"container\">\n\t\t\t\t\t<div class=\"e-con-inner\">\n\t\t\t\t<div class=\"elementor-element elementor-element-e24a72f elementor-widget elementor-widget-spacer\" data-id=\"e24a72f\" data-element_type=\"widget\" data-e-type=\"widget\" data-widget_type=\"spacer.default\">\n\t\t\t\t<div class=\"elementor-widget-container\">\n\t\t\t\t\t\t\t<div class=\"elementor-spacer\">\n\t\t\t<div class=\"elementor-spacer-inner\"><\/div>\n\t\t<\/div>\n\t\t\t\t\t\t<\/div>\n\t\t\t\t<\/div>\n\t\t\t\t\t<\/div>\n\t\t\t\t<\/div>\n\t\t<div class=\"elementor-element elementor-element-ef7ce1e e-flex e-con-boxed e-con e-parent\" data-id=\"ef7ce1e\" data-element_type=\"container\" data-e-type=\"container\">\n\t\t\t\t\t<div class=\"e-con-inner\">\n\t\t<div class=\"elementor-element elementor-element-1bd6d55 e-con-full e-flex e-con e-child\" data-id=\"1bd6d55\" data-element_type=\"container\" data-e-type=\"container\">\n\t\t\t\t<div class=\"elementor-element elementor-element-24cf061 elementor-widget elementor-widget-image\" data-id=\"24cf061\" data-element_type=\"widget\" data-e-type=\"widget\" data-widget_type=\"image.default\">\n\t\t\t\t<div class=\"elementor-widget-container\">\n\t\t\t\t\t\t\t\t\t\t\t\t\t\t\t<img fetchpriority=\"high\" decoding=\"async\" width=\"1080\" height=\"1080\" src=\"https:\/\/sarapinilla.com.co\/wp-content\/uploads\/2022\/01\/DSCN6380.png\" class=\"attachment-1536x1536 size-1536x1536 wp-image-4466\" alt=\"\" srcset=\"https:\/\/sarapinilla.com.co\/wp-content\/uploads\/2022\/01\/DSCN6380.png 1080w, https:\/\/sarapinilla.com.co\/wp-content\/uploads\/2022\/01\/DSCN6380-250x250.png 250w, https:\/\/sarapinilla.com.co\/wp-content\/uploads\/2022\/01\/DSCN6380-100x100.png 100w, https:\/\/sarapinilla.com.co\/wp-content\/uploads\/2022\/01\/DSCN6380-500x500.png 500w, https:\/\/sarapinilla.com.co\/wp-content\/uploads\/2022\/01\/DSCN6380-300x300.png 300w, https:\/\/sarapinilla.com.co\/wp-content\/uploads\/2022\/01\/DSCN6380-1024x1024.png 1024w, https:\/\/sarapinilla.com.co\/wp-content\/uploads\/2022\/01\/DSCN6380-150x150.png 150w, https:\/\/sarapinilla.com.co\/wp-content\/uploads\/2022\/01\/DSCN6380-768x768.png 768w\" sizes=\"(max-width: 1080px) 100vw, 1080px\" \/>\t\t\t\t\t\t\t\t\t\t\t\t\t\t\t<\/div>\n\t\t\t\t<\/div>\n\t\t\t\t<\/div>\n\t\t<div class=\"elementor-element elementor-element-1d69ffc e-con-full e-flex e-con e-child\" data-id=\"1d69ffc\" data-element_type=\"container\" data-e-type=\"container\">\n\t\t\t\t<div class=\"elementor-element elementor-element-3386ccd elementor-widget elementor-widget-image\" data-id=\"3386ccd\" data-element_type=\"widget\" data-e-type=\"widget\" data-widget_type=\"image.default\">\n\t\t\t\t<div class=\"elementor-widget-container\">\n\t\t\t\t\t\t\t\t\t\t\t\t\t\t\t<img decoding=\"async\" width=\"1024\" height=\"1024\" data-src=\"https:\/\/sarapinilla.com.co\/wp-content\/uploads\/2022\/01\/DSCN6410-1024x1024.png\" class=\"attachment-large size-large wp-image-4307 lazyload\" alt=\"\" data-srcset=\"https:\/\/sarapinilla.com.co\/wp-content\/uploads\/2022\/01\/DSCN6410-1024x1024.png 1024w, https:\/\/sarapinilla.com.co\/wp-content\/uploads\/2022\/01\/DSCN6410-250x250.png 250w, https:\/\/sarapinilla.com.co\/wp-content\/uploads\/2022\/01\/DSCN6410-100x100.png 100w, https:\/\/sarapinilla.com.co\/wp-content\/uploads\/2022\/01\/DSCN6410-500x500.png 500w, https:\/\/sarapinilla.com.co\/wp-content\/uploads\/2022\/01\/DSCN6410-300x300.png 300w, https:\/\/sarapinilla.com.co\/wp-content\/uploads\/2022\/01\/DSCN6410-150x150.png 150w, https:\/\/sarapinilla.com.co\/wp-content\/uploads\/2022\/01\/DSCN6410-768x768.png 768w, https:\/\/sarapinilla.com.co\/wp-content\/uploads\/2022\/01\/DSCN6410.png 1080w\" data-sizes=\"(max-width: 1024px) 100vw, 1024px\" src=\"data:image\/svg+xml;base64,PHN2ZyB3aWR0aD0iMSIgaGVpZ2h0PSIxIiB4bWxucz0iaHR0cDovL3d3dy53My5vcmcvMjAwMC9zdmciPjwvc3ZnPg==\" style=\"--smush-placeholder-width: 1024px; --smush-placeholder-aspect-ratio: 1024\/1024;\" \/>\t\t\t\t\t\t\t\t\t\t\t\t\t\t\t<\/div>\n\t\t\t\t<\/div>\n\t\t\t\t<\/div>\n\t\t<div class=\"elementor-element elementor-element-598e895 e-con-full e-flex e-con e-child\" data-id=\"598e895\" data-element_type=\"container\" data-e-type=\"container\">\n\t\t\t\t<div class=\"elementor-element elementor-element-92dee53 elementor-widget elementor-widget-image\" data-id=\"92dee53\" data-element_type=\"widget\" data-e-type=\"widget\" data-widget_type=\"image.default\">\n\t\t\t\t<div class=\"elementor-widget-container\">\n\t\t\t\t\t\t\t\t\t\t\t\t\t\t\t<img decoding=\"async\" width=\"1024\" height=\"1024\" data-src=\"https:\/\/sarapinilla.com.co\/wp-content\/uploads\/2022\/01\/DSCN6422-1024x1024.png\" class=\"attachment-large size-large wp-image-4314 lazyload\" alt=\"\" data-srcset=\"https:\/\/sarapinilla.com.co\/wp-content\/uploads\/2022\/01\/DSCN6422-1024x1024.png 1024w, https:\/\/sarapinilla.com.co\/wp-content\/uploads\/2022\/01\/DSCN6422-250x250.png 250w, https:\/\/sarapinilla.com.co\/wp-content\/uploads\/2022\/01\/DSCN6422-100x100.png 100w, https:\/\/sarapinilla.com.co\/wp-content\/uploads\/2022\/01\/DSCN6422-500x500.png 500w, https:\/\/sarapinilla.com.co\/wp-content\/uploads\/2022\/01\/DSCN6422-300x300.png 300w, https:\/\/sarapinilla.com.co\/wp-content\/uploads\/2022\/01\/DSCN6422-150x150.png 150w, https:\/\/sarapinilla.com.co\/wp-content\/uploads\/2022\/01\/DSCN6422-768x768.png 768w, https:\/\/sarapinilla.com.co\/wp-content\/uploads\/2022\/01\/DSCN6422.png 1080w\" data-sizes=\"(max-width: 1024px) 100vw, 1024px\" src=\"data:image\/svg+xml;base64,PHN2ZyB3aWR0aD0iMSIgaGVpZ2h0PSIxIiB4bWxucz0iaHR0cDovL3d3dy53My5vcmcvMjAwMC9zdmciPjwvc3ZnPg==\" style=\"--smush-placeholder-width: 1024px; --smush-placeholder-aspect-ratio: 1024\/1024;\" \/>\t\t\t\t\t\t\t\t\t\t\t\t\t\t\t<\/div>\n\t\t\t\t<\/div>\n\t\t\t\t<\/div>\n\t\t<div class=\"elementor-element elementor-element-2050f05 e-con-full e-flex e-con e-child\" data-id=\"2050f05\" data-element_type=\"container\" data-e-type=\"container\">\n\t\t\t\t<div class=\"elementor-element elementor-element-95f5623 elementor-widget elementor-widget-image\" data-id=\"95f5623\" data-element_type=\"widget\" data-e-type=\"widget\" data-widget_type=\"image.default\">\n\t\t\t\t<div class=\"elementor-widget-container\">\n\t\t\t\t\t\t\t\t\t\t\t\t\t\t\t<img decoding=\"async\" width=\"1024\" height=\"1024\" data-src=\"https:\/\/sarapinilla.com.co\/wp-content\/uploads\/2022\/01\/DSCN6365-1024x1024.png\" class=\"attachment-large size-large wp-image-4449 lazyload\" alt=\"\" data-srcset=\"https:\/\/sarapinilla.com.co\/wp-content\/uploads\/2022\/01\/DSCN6365-1024x1024.png 1024w, https:\/\/sarapinilla.com.co\/wp-content\/uploads\/2022\/01\/DSCN6365-250x250.png 250w, https:\/\/sarapinilla.com.co\/wp-content\/uploads\/2022\/01\/DSCN6365-100x100.png 100w, https:\/\/sarapinilla.com.co\/wp-content\/uploads\/2022\/01\/DSCN6365-500x500.png 500w, https:\/\/sarapinilla.com.co\/wp-content\/uploads\/2022\/01\/DSCN6365-300x300.png 300w, https:\/\/sarapinilla.com.co\/wp-content\/uploads\/2022\/01\/DSCN6365-150x150.png 150w, https:\/\/sarapinilla.com.co\/wp-content\/uploads\/2022\/01\/DSCN6365-768x768.png 768w, https:\/\/sarapinilla.com.co\/wp-content\/uploads\/2022\/01\/DSCN6365.png 1080w\" data-sizes=\"(max-width: 1024px) 100vw, 1024px\" src=\"data:image\/svg+xml;base64,PHN2ZyB3aWR0aD0iMSIgaGVpZ2h0PSIxIiB4bWxucz0iaHR0cDovL3d3dy53My5vcmcvMjAwMC9zdmciPjwvc3ZnPg==\" style=\"--smush-placeholder-width: 1024px; --smush-placeholder-aspect-ratio: 1024\/1024;\" \/>\t\t\t\t\t\t\t\t\t\t\t\t\t\t\t<\/div>\n\t\t\t\t<\/div>\n\t\t\t\t<\/div>\n\t\t\t\t\t<\/div>\n\t\t\t\t<\/div>\n\t\t<div class=\"elementor-element elementor-element-4726485 e-flex e-con-boxed e-con e-parent\" data-id=\"4726485\" data-element_type=\"container\" data-e-type=\"container\">\n\t\t\t\t\t<div class=\"e-con-inner\">\n\t\t\t\t<div class=\"elementor-element elementor-element-d69edf2 elementor-widget elementor-widget-text-editor\" data-id=\"d69edf2\" data-element_type=\"widget\" data-e-type=\"widget\" data-widget_type=\"text-editor.default\">\n\t\t\t\t<div class=\"elementor-widget-container\">\n\t\t\t\t\t\t\t\t\t<p>En Sara Pinilla, Molas &amp; Cueros, valoramos las relaciones comerciales que nos permiten llevar nuestras creaciones a m\u00e1s rincones del mundo. Si est\u00e1s interesado en distribuir nuestros productos o trabajar con nosotros bajo esquemas personalizados, aqu\u00ed te contamos las opciones que tenemos para ti:<\/p>\t\t\t\t\t\t\t\t<\/div>\n\t\t\t\t<\/div>\n\t\t\t\t<div class=\"elementor-element elementor-element-c74cbb9 elementor-widget elementor-widget-heading\" data-id=\"c74cbb9\" data-element_type=\"widget\" data-e-type=\"widget\" data-widget_type=\"heading.default\">\n\t\t\t\t<div class=\"elementor-widget-container\">\n\t\t\t\t\t<h4 class=\"elementor-heading-title elementor-size-default\">\u00bfQuieres ser distribuidor de nuestra marca?<\/h4>\t\t\t\t<\/div>\n\t\t\t\t<\/div>\n\t\t\t\t<div class=\"elementor-element elementor-element-5a11dd2 elementor-widget elementor-widget-text-editor\" data-id=\"5a11dd2\" data-element_type=\"widget\" data-e-type=\"widget\" data-widget_type=\"text-editor.default\">\n\t\t\t\t<div class=\"elementor-widget-container\">\n\t\t\t\t\t\t\t\t\t<p>Forma parte de nuestra red de distribuidores y lleva nuestros exclusivos productos a tu mercado local. Ofrecemos condiciones especiales con porcentajes competitivos que garantizan beneficios para tu negocio, mientras promovemos la riqueza cultural y artesanal colombiana. Podr\u00e1s ofrecer productos de nuestra colecci\u00f3n bajo nuestra marca y conquistar clientes que valoren la autenticidad y el dise\u00f1o con historia.<\/p>\t\t\t\t\t\t\t\t<\/div>\n\t\t\t\t<\/div>\n\t\t\t\t\t<\/div>\n\t\t\t\t<\/div>\n\t\t<div class=\"elementor-element elementor-element-1e645ca e-flex e-con-boxed e-con e-parent\" data-id=\"1e645ca\" data-element_type=\"container\" data-e-type=\"container\">\n\t\t\t\t\t<div class=\"e-con-inner\">\n\t\t<div class=\"elementor-element elementor-element-f853041 e-con-full e-flex e-con e-child\" data-id=\"f853041\" data-element_type=\"container\" data-e-type=\"container\">\n\t\t\t\t<div class=\"elementor-element elementor-element-7e9fc86 elementor-widget elementor-widget-image\" data-id=\"7e9fc86\" data-element_type=\"widget\" data-e-type=\"widget\" data-widget_type=\"image.default\">\n\t\t\t\t<div class=\"elementor-widget-container\">\n\t\t\t\t\t\t\t\t\t\t\t\t\t\t\t<img decoding=\"async\" width=\"768\" height=\"1024\" data-src=\"https:\/\/sarapinilla.com.co\/wp-content\/uploads\/2022\/07\/DSCN6539.png\" class=\"attachment-large size-large wp-image-4754 lazyload\" alt=\"\" data-srcset=\"https:\/\/sarapinilla.com.co\/wp-content\/uploads\/2022\/07\/DSCN6539.png 1500w, https:\/\/sarapinilla.com.co\/wp-content\/uploads\/2022\/07\/DSCN6539-500x667.png 500w\" data-sizes=\"(max-width: 768px) 100vw, 768px\" src=\"data:image\/svg+xml;base64,PHN2ZyB3aWR0aD0iMSIgaGVpZ2h0PSIxIiB4bWxucz0iaHR0cDovL3d3dy53My5vcmcvMjAwMC9zdmciPjwvc3ZnPg==\" style=\"--smush-placeholder-width: 768px; --smush-placeholder-aspect-ratio: 768\/1024;\" \/>\t\t\t\t\t\t\t\t\t\t\t\t\t\t\t<\/div>\n\t\t\t\t<\/div>\n\t\t\t\t<\/div>\n\t\t<div class=\"elementor-element elementor-element-89a1a41 e-con-full e-flex e-con e-child\" data-id=\"89a1a41\" data-element_type=\"container\" data-e-type=\"container\">\n\t\t\t\t<div class=\"elementor-element elementor-element-32246aa elementor-widget elementor-widget-spacer\" data-id=\"32246aa\" data-element_type=\"widget\" data-e-type=\"widget\" data-widget_type=\"spacer.default\">\n\t\t\t\t<div class=\"elementor-widget-container\">\n\t\t\t\t\t\t\t<div class=\"elementor-spacer\">\n\t\t\t<div class=\"elementor-spacer-inner\"><\/div>\n\t\t<\/div>\n\t\t\t\t\t\t<\/div>\n\t\t\t\t<\/div>\n\t\t\t\t<div class=\"elementor-element elementor-element-056d14b elementor-widget elementor-widget-heading\" data-id=\"056d14b\" data-element_type=\"widget\" data-e-type=\"widget\" data-widget_type=\"heading.default\">\n\t\t\t\t<div class=\"elementor-widget-container\">\n\t\t\t\t\t<h4 class=\"elementor-heading-title elementor-size-default\">Producci\u00f3n personalizada (maquila): L\u00ednea de mascotas<\/h4>\t\t\t\t<\/div>\n\t\t\t\t<\/div>\n\t\t\t\t<div class=\"elementor-element elementor-element-8fa6f6e elementor-widget elementor-widget-text-editor\" data-id=\"8fa6f6e\" data-element_type=\"widget\" data-e-type=\"widget\" data-widget_type=\"text-editor.default\">\n\t\t\t\t<div class=\"elementor-widget-container\">\n\t\t\t\t\t\t\t\t\t<p>Hemos trabajado exitosamente en proyectos de maquila para marcas que buscan productos \u00fanicos con un toque de lujo. Desarrollamos una l\u00ednea de accesorios para mascotas bajo la marca de nuestros clientes, siempre respetando la calidad y los valores que nos representan.<\/p>\t\t\t\t\t\t\t\t<\/div>\n\t\t\t\t<\/div>\n\t\t\t\t<div class=\"elementor-element elementor-element-b67f539 elementor-widget elementor-widget-heading\" data-id=\"b67f539\" data-element_type=\"widget\" data-e-type=\"widget\" data-widget_type=\"heading.default\">\n\t\t\t\t<div class=\"elementor-widget-container\">\n\t\t\t\t\t<h4 class=\"elementor-heading-title elementor-size-default\">\u00bfTienes una marca y buscas productos exclusivos?<\/h4>\t\t\t\t<\/div>\n\t\t\t\t<\/div>\n\t\t\t\t<div class=\"elementor-element elementor-element-04c4576 elementor-widget elementor-widget-text-editor\" data-id=\"04c4576\" data-element_type=\"widget\" data-e-type=\"widget\" data-widget_type=\"text-editor.default\">\n\t\t\t\t<div class=\"elementor-widget-container\">\n\t\t\t\t\t\t\t\t\t<p>Si deseas productos dise\u00f1ados especialmente para tu marca, tambi\u00e9n podemos ayudarte. Creamos art\u00edculos que no forman parte de nuestra colecci\u00f3n, pero que reflejan el compromiso artesanal y la calidad premium que caracterizan a Sara Pinilla. Estos llevar\u00e1n tu marca, adapt\u00e1ndose a tus necesidades y mercado.<\/p>\t\t\t\t\t\t\t\t<\/div>\n\t\t\t\t<\/div>\n\t\t\t\t<\/div>\n\t\t\t\t\t<\/div>\n\t\t\t\t<\/div>\n\t\t<div class=\"elementor-element elementor-element-204db80 e-flex e-con-boxed e-con e-parent\" data-id=\"204db80\" data-element_type=\"container\" data-e-type=\"container\">\n\t\t\t\t\t<div class=\"e-con-inner\">\n\t\t\t\t<div class=\"elementor-element elementor-element-21e17ce elementor-widget elementor-widget-heading\" data-id=\"21e17ce\" data-element_type=\"widget\" data-e-type=\"widget\" data-widget_type=\"heading.default\">\n\t\t\t\t<div class=\"elementor-widget-container\">\n\t\t\t\t\t<h4 class=\"elementor-heading-title elementor-size-default\">\u00bfC\u00f3mo comenzar?<\/h4>\t\t\t\t<\/div>\n\t\t\t\t<\/div>\n\t\t\t\t<div class=\"elementor-element elementor-element-e8b43ef elementor-widget elementor-widget-text-editor\" data-id=\"e8b43ef\" data-element_type=\"widget\" data-e-type=\"widget\" data-widget_type=\"text-editor.default\">\n\t\t\t\t<div class=\"elementor-widget-container\">\n\t\t\t\t\t\t\t\t\t<p>Es muy sencillo: solo env\u00edanos un mensaje con la idea de colaboraci\u00f3n que tienes en mente, y nos encargaremos de ajustar los porcentajes y condiciones seg\u00fan tus necesidades. Queremos que el proceso sea f\u00e1cil y eficiente para que juntos hagamos crecer tu negocio y llevemos nuestra tradici\u00f3n m\u00e1s all\u00e1.<\/p><p>\u00a1\u00danete a nosotros y construyamos juntos una historia de \u00e9xito, dise\u00f1o y tradici\u00f3n!<\/p>\t\t\t\t\t\t\t\t<\/div>\n\t\t\t\t<\/div>\n\t\t\t\t<div class=\"elementor-element elementor-element-95638d6 elementor-widget elementor-widget-heading\" data-id=\"95638d6\" data-element_type=\"widget\" data-e-type=\"widget\" data-widget_type=\"heading.default\">\n\t\t\t\t<div class=\"elementor-widget-container\">\n\t\t\t\t\t<h4 class=\"elementor-heading-title elementor-size-default\">Env\u00edanos un mensaje<\/h4>\t\t\t\t<\/div>\n\t\t\t\t<\/div>\n\t\t\t\t<div class=\"elementor-element elementor-element-e40a3d5 elementor-widget elementor-widget-shortcode\" data-id=\"e40a3d5\" data-element_type=\"widget\" data-e-type=\"widget\" data-widget_type=\"shortcode.default\">\n\t\t\t\t<div class=\"elementor-widget-container\">\n\t\t\t\t\t\t\t<div class=\"elementor-shortcode\"><div class=\"wpforms-container \" id=\"wpforms-2342\"><form id=\"wpforms-form-2342\" class=\"wpforms-validate wpforms-form\" data-formid=\"2342\" method=\"post\" enctype=\"multipart\/form-data\" action=\"\/en\/wp-json\/wp\/v2\/pages\/5720\" data-token=\"ec50ee92328c6c92025ee8d31399c4ef\" data-token-time=\"1777047276\"><noscript class=\"wpforms-error-noscript\">Please enable JavaScript in your browser to complete this form.<\/noscript><div class=\"wpforms-field-container\"><div id=\"wpforms-2342-field_0-container\" class=\"wpforms-field wpforms-field-name\" data-field-id=\"0\"><label class=\"wpforms-field-label\" for=\"wpforms-2342-field_0\">Nombres y Apellidos <span class=\"wpforms-required-label\">*<\/span><\/label><input type=\"text\" id=\"wpforms-2342-field_0\" class=\"wpforms-field-medium wpforms-field-required\" name=\"wpforms[fields][0]\" required><\/div><div id=\"wpforms-2342-field_3-container\" class=\"wpforms-field wpforms-field-number\" data-field-id=\"3\"><label class=\"wpforms-field-label\" for=\"wpforms-2342-field_3\">Tel\u00e9fono<\/label><input type=\"number\" id=\"wpforms-2342-field_3\" class=\"wpforms-field-medium\" name=\"wpforms[fields][3]\" step=\"any\" ><\/div><div id=\"wpforms-2342-field_1-container\" class=\"wpforms-field wpforms-field-email\" data-field-id=\"1\"><label class=\"wpforms-field-label\" for=\"wpforms-2342-field_1\">Correo electr\u00f3nico <span class=\"wpforms-required-label\">*<\/span><\/label><input type=\"email\" id=\"wpforms-2342-field_1\" class=\"wpforms-field-medium wpforms-field-required\" name=\"wpforms[fields][1]\" spellcheck=\"false\" required><\/div><div id=\"wpforms-2342-field_2-container\" class=\"wpforms-field wpforms-field-textarea\" data-field-id=\"2\"><label class=\"wpforms-field-label\" for=\"wpforms-2342-field_2\">Mensaje <span class=\"wpforms-required-label\">*<\/span><\/label><textarea id=\"wpforms-2342-field_2\" class=\"wpforms-field-medium wpforms-field-required\" name=\"wpforms[fields][2]\" required><\/textarea><\/div><\/div><!-- .wpforms-field-container --><div class=\"wpforms-submit-container\" ><input type=\"hidden\" name=\"wpforms[id]\" value=\"2342\"><input type=\"hidden\" name=\"page_title\" value=\"\"><input type=\"hidden\" name=\"page_url\" value=\"https:\/\/sarapinilla.com.co\/en\/wp-json\/wp\/v2\/pages\/5720\"><input type=\"hidden\" name=\"url_referer\" value=\"\"><button type=\"submit\" name=\"wpforms[submit]\" id=\"wpforms-submit-2342\" class=\"wpforms-submit\" data-alt-text=\"Enviando...\" data-submit-text=\"Enviar\" aria-live=\"assertive\" value=\"wpforms-submit\">Enviar<\/button><\/div><\/form><\/div>  <!-- .wpforms-container --><\/div>\n\t\t\t\t\t\t<\/div>\n\t\t\t\t<\/div>\n\t\t\t\t\t<\/div>\n\t\t\t\t<\/div>\n\t\t\t\t<\/div>\n\t\t","protected":false},"excerpt":{"rendered":"<p>Conecta tu Negocio con la Esencia de Colombia En Sara Pinilla, Molas &amp; Cueros, valoramos las relaciones comerciales que nos permiten llevar nuestras creaciones a m\u00e1s rincones del mundo. Si est\u00e1s interesado en distribuir nuestros productos o trabajar con nosotros bajo esquemas personalizados, aqu\u00ed te contamos las opciones que tenemos para ti: \u00bfQuieres ser distribuidor [&hellip;]<\/p>\n","protected":false},"author":1,"featured_media":0,"parent":0,"menu_order":0,"comment_status":"closed","ping_status":"closed","template":"","meta":{"site-sidebar-layout":"no-sidebar","site-content-layout":"page-builder","ast-site-content-layout":"full-width-container","site-content-style":"default","site-sidebar-style":"default","ast-global-header-display":"","ast-banner-title-visibility":"","ast-main-header-display":"","ast-hfb-above-header-display":"","ast-hfb-below-header-display":"","ast-hfb-mobile-header-display":"","site-post-title":"disabled","ast-breadcrumbs-content":"","ast-featured-img":"disabled","footer-sml-layout":"","ast-disable-related-posts":"","theme-transparent-header-meta":"","adv-header-id-meta":"","stick-header-meta":"","header-above-stick-meta":"","header-main-stick-meta":"","header-below-stick-meta":"","astra-migrate-meta-layouts":"set","ast-page-background-enabled":"default","ast-page-background-meta":{"desktop":{"background-color":"","background-image":"","background-repeat":"repeat","background-position":"center center","background-size":"auto","background-attachment":"scroll","background-type":"","background-media":"","overlay-type":"","overlay-color":"","overlay-opacity":"","overlay-gradient":""},"tablet":{"background-color":"","background-image":"","background-repeat":"repeat","background-position":"center center","background-size":"auto","background-attachment":"scroll","background-type":"","background-media":"","overlay-type":"","overlay-color":"","overlay-opacity":"","overlay-gradient":""},"mobile":{"background-color":"","background-image":"","background-repeat":"repeat","background-position":"center center","background-size":"auto","background-attachment":"scroll","background-type":"","background-media":"","overlay-type":"","overlay-color":"","overlay-opacity":"","overlay-gradient":""}},"ast-content-background-meta":{"desktop":{"background-color":"var(--ast-global-color-5)","background-image":"","background-repeat":"repeat","background-position":"center center","background-size":"auto","background-attachment":"scroll","background-type":"","background-media":"","overlay-type":"","overlay-color":"","overlay-opacity":"","overlay-gradient":""},"tablet":{"background-color":"var(--ast-global-color-5)","background-image":"","background-repeat":"repeat","background-position":"center center","background-size":"auto","background-attachment":"scroll","background-type":"","background-media":"","overlay-type":"","overlay-color":"","overlay-opacity":"","overlay-gradient":""},"mobile":{"background-color":"var(--ast-global-color-5)","background-image":"","background-repeat":"repeat","background-position":"center center","background-size":"auto","background-attachment":"scroll","background-type":"","background-media":"","overlay-type":"","overlay-color":"","overlay-opacity":"","overlay-gradient":""}},"_joinchat":[],"footnotes":""},"class_list":["post-5720","page","type-page","status-publish","hentry"],"_links":{"self":[{"href":"https:\/\/sarapinilla.com.co\/en\/wp-json\/wp\/v2\/pages\/5720","targetHints":{"allow":["GET"]}}],"collection":[{"href":"https:\/\/sarapinilla.com.co\/en\/wp-json\/wp\/v2\/pages"}],"about":[{"href":"https:\/\/sarapinilla.com.co\/en\/wp-json\/wp\/v2\/types\/page"}],"author":[{"embeddable":true,"href":"https:\/\/sarapinilla.com.co\/en\/wp-json\/wp\/v2\/users\/1"}],"replies":[{"embeddable":true,"href":"https:\/\/sarapinilla.com.co\/en\/wp-json\/wp\/v2\/comments?post=5720"}],"version-history":[{"count":13,"href":"https:\/\/sarapinilla.com.co\/en\/wp-json\/wp\/v2\/pages\/5720\/revisions"}],"predecessor-version":[{"id":6114,"href":"https:\/\/sarapinilla.com.co\/en\/wp-json\/wp\/v2\/pages\/5720\/revisions\/6114"}],"wp:attachment":[{"href":"https:\/\/sarapinilla.com.co\/en\/wp-json\/wp\/v2\/media?parent=5720"}],"curies":[{"name":"wp","href":"https:\/\/api.w.org\/{rel}","templated":true}]}}