{"id":5010,"date":"2022-12-18T22:15:31","date_gmt":"2022-12-19T03:15:31","guid":{"rendered":"https:\/\/sarapinilla.com.co\/?page_id=5010"},"modified":"2026-02-11T14:12:34","modified_gmt":"2026-02-11T19:12:34","slug":"compra-lo-nuestro","status":"publish","type":"page","link":"https:\/\/sarapinilla.com.co\/en\/compra-lo-nuestro\/","title":{"rendered":"Compra lo Nuestro"},"content":{"rendered":"<div data-elementor-type=\"wp-page\" data-elementor-id=\"5010\" class=\"elementor elementor-5010\">\n\t\t\t\t\t\t<section class=\"elementor-section elementor-top-section elementor-element elementor-element-zn1in3a elementor-section-boxed elementor-section-height-default elementor-section-height-default\" data-id=\"zn1in3a\" data-element_type=\"section\" data-e-type=\"section\" data-settings=\"{&quot;background_background&quot;:&quot;classic&quot;}\">\n\t\t\t\t\t\t\t<div class=\"elementor-background-overlay\"><\/div>\n\t\t\t\t\t\t\t<div class=\"elementor-container elementor-column-gap-no\">\n\t\t\t\t\t<div class=\"elementor-column elementor-col-50 elementor-top-column elementor-element elementor-element-a60061d\" data-id=\"a60061d\" data-element_type=\"column\" data-e-type=\"column\">\n\t\t\t<div class=\"elementor-widget-wrap elementor-element-populated\">\n\t\t\t\t\t\t<div class=\"elementor-element elementor-element-d398463 elementor-widget elementor-widget-heading\" data-id=\"d398463\" data-element_type=\"widget\" data-e-type=\"widget\" data-widget_type=\"heading.default\">\n\t\t\t\t<div class=\"elementor-widget-container\">\n\t\t\t\t\t<h6 class=\"elementor-heading-title elementor-size-default\">We Are Part of It!<\/h6>\t\t\t\t<\/div>\n\t\t\t\t<\/div>\n\t\t\t\t<div class=\"elementor-element elementor-element-95b61ba elementor-widget elementor-widget-text-editor\" data-id=\"95b61ba\" data-element_type=\"widget\" data-e-type=\"widget\" data-widget_type=\"text-editor.default\">\n\t\t\t\t<div class=\"elementor-widget-container\">\n\t\t\t\t\t\t\t\t\t<p>An initiative of the Ministry of Commerce, Industry, and Tourism together with Colombia Productiva, aimed at helping consumers recognize products and services made in our country. Through this initiative, we ensure that what you buy is <strong>100% Colombian.<\/strong><\/p><p>Through Buy Colombian, we gain access to alliances with\u00a0<strong>local entities<\/strong> con entidades territoriales, gremios y empresas ancla que nos permita capacitarnos para generar negocios efectivos con las grandes superficies y mejorar su oferta.<\/p><p>Adem\u00e1s, nos ofrecen\u00a0<strong>technical assistance programs<\/strong> to boost productivity, enhance quality, and prepare supplier companies to integrate with anchor companies, fostering effective commercial relationships.<\/p>\t\t\t\t\t\t\t\t<\/div>\n\t\t\t\t<\/div>\n\t\t\t\t<div class=\"elementor-element elementor-element-ddcce07 elementor-widget-mobile__width-initial elementor-widget elementor-widget-image\" data-id=\"ddcce07\" data-element_type=\"widget\" data-e-type=\"widget\" data-widget_type=\"image.default\">\n\t\t\t\t<div class=\"elementor-widget-container\">\n\t\t\t\t\t\t\t\t\t\t\t\t\t\t\t<img fetchpriority=\"high\" decoding=\"async\" width=\"2251\" height=\"2251\" src=\"https:\/\/sarapinilla.com.co\/wp-content\/uploads\/2024\/12\/Colombian-Souvenirs-1.jpg\" class=\"attachment-full size-full wp-image-5049\" alt=\"\" srcset=\"https:\/\/sarapinilla.com.co\/wp-content\/uploads\/2024\/12\/Colombian-Souvenirs-1.jpg 1000w, https:\/\/sarapinilla.com.co\/wp-content\/uploads\/2024\/12\/Colombian-Souvenirs-1-300x200.jpg 300w, https:\/\/sarapinilla.com.co\/wp-content\/uploads\/2024\/12\/Colombian-Souvenirs-1-768x512.jpg 768w, https:\/\/sarapinilla.com.co\/wp-content\/uploads\/2024\/12\/Colombian-Souvenirs-1-18x12.jpg 18w, https:\/\/sarapinilla.com.co\/wp-content\/uploads\/2024\/12\/Colombian-Souvenirs-1-500x334.jpg 500w\" sizes=\"(max-width: 2251px) 100vw, 2251px\" \/>\t\t\t\t\t\t\t\t\t\t\t\t\t\t\t<\/div>\n\t\t\t\t<\/div>\n\t\t\t\t\t<\/div>\n\t\t<\/div>\n\t\t\t\t<div class=\"elementor-column elementor-col-50 elementor-top-column elementor-element elementor-element-6e4f31f\" data-id=\"6e4f31f\" data-element_type=\"column\" data-e-type=\"column\">\n\t\t\t<div class=\"elementor-widget-wrap elementor-element-populated\">\n\t\t\t\t\t\t<div class=\"elementor-element elementor-element-98e81e4 elementor-widget elementor-widget-spacer\" data-id=\"98e81e4\" data-element_type=\"widget\" data-e-type=\"widget\" data-widget_type=\"spacer.default\">\n\t\t\t\t<div class=\"elementor-widget-container\">\n\t\t\t\t\t\t\t<div class=\"elementor-spacer\">\n\t\t\t<div class=\"elementor-spacer-inner\"><\/div>\n\t\t<\/div>\n\t\t\t\t\t\t<\/div>\n\t\t\t\t<\/div>\n\t\t\t\t<div class=\"elementor-element elementor-element-1d22375 elementor-widget elementor-widget-image\" data-id=\"1d22375\" data-element_type=\"widget\" data-e-type=\"widget\" data-widget_type=\"image.default\">\n\t\t\t\t<div class=\"elementor-widget-container\">\n\t\t\t\t\t\t\t\t\t\t\t\t\t\t\t<img decoding=\"async\" width=\"1080\" height=\"1080\" data-src=\"https:\/\/sarapinilla.com.co\/wp-content\/uploads\/2024\/12\/Colombian-Souvenirs-3.jpg\" class=\"attachment-full size-full wp-image-5050 lazyload\" alt=\"\" data-srcset=\"https:\/\/sarapinilla.com.co\/wp-content\/uploads\/2024\/12\/Colombian-Souvenirs-3.jpg 1000w, https:\/\/sarapinilla.com.co\/wp-content\/uploads\/2024\/12\/Colombian-Souvenirs-3-300x200.jpg 300w, https:\/\/sarapinilla.com.co\/wp-content\/uploads\/2024\/12\/Colombian-Souvenirs-3-768x512.jpg 768w, https:\/\/sarapinilla.com.co\/wp-content\/uploads\/2024\/12\/Colombian-Souvenirs-3-18x12.jpg 18w, https:\/\/sarapinilla.com.co\/wp-content\/uploads\/2024\/12\/Colombian-Souvenirs-3-500x334.jpg 500w\" data-sizes=\"(max-width: 1080px) 100vw, 1080px\" src=\"data:image\/svg+xml;base64,PHN2ZyB3aWR0aD0iMSIgaGVpZ2h0PSIxIiB4bWxucz0iaHR0cDovL3d3dy53My5vcmcvMjAwMC9zdmciPjwvc3ZnPg==\" style=\"--smush-placeholder-width: 1080px; --smush-placeholder-aspect-ratio: 1080\/1080;\" \/>\t\t\t\t\t\t\t\t\t\t\t\t\t\t\t<\/div>\n\t\t\t\t<\/div>\n\t\t\t\t<div class=\"elementor-element elementor-element-ce39553 elementor-widget elementor-widget-spacer\" data-id=\"ce39553\" data-element_type=\"widget\" data-e-type=\"widget\" data-widget_type=\"spacer.default\">\n\t\t\t\t<div class=\"elementor-widget-container\">\n\t\t\t\t\t\t\t<div class=\"elementor-spacer\">\n\t\t\t<div class=\"elementor-spacer-inner\"><\/div>\n\t\t<\/div>\n\t\t\t\t\t\t<\/div>\n\t\t\t\t<\/div>\n\t\t\t\t<section class=\"elementor-section elementor-inner-section elementor-element elementor-element-e48dc72 elementor-section-boxed elementor-section-height-default elementor-section-height-default\" data-id=\"e48dc72\" data-element_type=\"section\" data-e-type=\"section\">\n\t\t\t\t\t\t<div class=\"elementor-container elementor-column-gap-no\">\n\t\t\t\t\t<div class=\"elementor-column elementor-col-100 elementor-inner-column elementor-element elementor-element-d770945\" data-id=\"d770945\" data-element_type=\"column\" data-e-type=\"column\">\n\t\t\t<div class=\"elementor-widget-wrap elementor-element-populated\">\n\t\t\t\t\t\t<div class=\"elementor-element elementor-element-74a8568 elementor-widget elementor-widget-text-editor\" data-id=\"74a8568\" data-element_type=\"widget\" data-e-type=\"widget\" data-widget_type=\"text-editor.default\">\n\t\t\t\t<div class=\"elementor-widget-container\">\n\t\t\t\t\t\t\t\t\t<p>Its purpose is to increase domestic consumption of Colombian products and facilitate the connection between suppliers and buyers, driving the growth of national industries.<\/p>\t\t\t\t\t\t\t\t<\/div>\n\t\t\t\t<\/div>\n\t\t\t\t<div class=\"elementor-element elementor-element-6fc2d59 elementor-widget elementor-widget-text-editor\" data-id=\"6fc2d59\" data-element_type=\"widget\" data-e-type=\"widget\" data-widget_type=\"text-editor.default\">\n\t\t\t\t<div class=\"elementor-widget-container\">\n\t\t\t\t\t\t\t\t\t<p>Buy Colombian is the largest business network and directory in Latin America, led by Colombia Productiva and the Ministry of Commerce, Industry, and Tourism, with support from the Inter-American Development Bank (IDB).<\/p>\t\t\t\t\t\t\t\t<\/div>\n\t\t\t\t<\/div>\n\t\t\t\t\t<\/div>\n\t\t<\/div>\n\t\t\t\t\t<\/div>\n\t\t<\/section>\n\t\t\t\t\t<\/div>\n\t\t<\/div>\n\t\t\t\t\t<\/div>\n\t\t<\/section>\n\t\t\t\t<section class=\"elementor-section elementor-top-section elementor-element elementor-element-yre2oxe elementor-section-full_width elementor-section-height-default elementor-section-height-default\" data-id=\"yre2oxe\" data-element_type=\"section\" data-e-type=\"section\" data-settings=\"{&quot;background_background&quot;:&quot;classic&quot;}\">\n\t\t\t\t\t\t<div class=\"elementor-container elementor-column-gap-no\">\n\t\t\t\t\t<div class=\"elementor-column elementor-col-100 elementor-top-column elementor-element elementor-element-3c2d87c\" data-id=\"3c2d87c\" data-element_type=\"column\" data-e-type=\"column\">\n\t\t\t<div class=\"elementor-widget-wrap elementor-element-populated\">\n\t\t\t\t<div class=\"elementor-element elementor-element-4dfe475 e-flex e-con-boxed e-con e-parent\" data-id=\"4dfe475\" data-element_type=\"container\" data-e-type=\"container\">\n\t\t\t\t\t<div class=\"e-con-inner\">\n\t\t\t\t<div class=\"elementor-element elementor-element-6a8ee7c elementor-widget elementor-widget-video\" data-id=\"6a8ee7c\" data-element_type=\"widget\" data-e-type=\"widget\" data-settings=\"{&quot;youtube_url&quot;:&quot;https:\\\/\\\/youtu.be\\\/AoKhvQoY7OQ&quot;,&quot;video_type&quot;:&quot;youtube&quot;,&quot;controls&quot;:&quot;yes&quot;}\" data-widget_type=\"video.default\">\n\t\t\t\t<div class=\"elementor-widget-container\">\n\t\t\t\t\t\t\t<div class=\"elementor-wrapper elementor-open-inline\">\n\t\t\t<div class=\"elementor-video\"><\/div>\t\t<\/div>\n\t\t\t\t\t\t<\/div>\n\t\t\t\t<\/div>\n\t\t\t\t\t<\/div>\n\t\t\t\t<\/div>\n\t\t\t\t\t<\/div>\n\t\t<\/div>\n\t\t\t\t\t<\/div>\n\t\t<\/section>\n\t\t\t\t<\/div>","protected":false},"excerpt":{"rendered":"<p>\u00a1Somos parte! Una iniciativa del Ministerio de Comercio, Industria y Turismo con Colombia Productiva, que facilita a los consumidores reconocer productos y servicios hechos en nuestro pa\u00eds, a trav\u00e9s de la cual te aseguramos que lo que compras, es 100% colombiano. A trav\u00e9s de Compra Lo Nuestro tenemos acceso a\u00a0alianzas con entidades territoriales, gremios y [&hellip;]<\/p>\n","protected":false},"author":1,"featured_media":0,"parent":0,"menu_order":0,"comment_status":"closed","ping_status":"closed","template":"","meta":{"site-sidebar-layout":"no-sidebar","site-content-layout":"page-builder","ast-site-content-layout":"default","site-content-style":"default","site-sidebar-style":"default","ast-global-header-display":"","ast-banner-title-visibility":"","ast-main-header-display":"","ast-hfb-above-header-display":"","ast-hfb-below-header-display":"","ast-hfb-mobile-header-display":"","site-post-title":"disabled","ast-breadcrumbs-content":"","ast-featured-img":"disabled","footer-sml-layout":"","ast-disable-related-posts":"","theme-transparent-header-meta":"","adv-header-id-meta":"","stick-header-meta":"","header-above-stick-meta":"","header-main-stick-meta":"","header-below-stick-meta":"","astra-migrate-meta-layouts":"default","ast-page-background-enabled":"default","ast-page-background-meta":{"desktop":{"background-color":"","background-image":"","background-repeat":"repeat","background-position":"center center","background-size":"auto","background-attachment":"scroll","background-type":"","background-media":"","overlay-type":"","overlay-color":"","overlay-opacity":"","overlay-gradient":""},"tablet":{"background-color":"","background-image":"","background-repeat":"repeat","background-position":"center center","background-size":"auto","background-attachment":"scroll","background-type":"","background-media":"","overlay-type":"","overlay-color":"","overlay-opacity":"","overlay-gradient":""},"mobile":{"background-color":"","background-image":"","background-repeat":"repeat","background-position":"center center","background-size":"auto","background-attachment":"scroll","background-type":"","background-media":"","overlay-type":"","overlay-color":"","overlay-opacity":"","overlay-gradient":""}},"ast-content-background-meta":{"desktop":{"background-color":"var(--ast-global-color-5)","background-image":"","background-repeat":"repeat","background-position":"center center","background-size":"auto","background-attachment":"scroll","background-type":"","background-media":"","overlay-type":"","overlay-color":"","overlay-opacity":"","overlay-gradient":""},"tablet":{"background-color":"var(--ast-global-color-5)","background-image":"","background-repeat":"repeat","background-position":"center center","background-size":"auto","background-attachment":"scroll","background-type":"","background-media":"","overlay-type":"","overlay-color":"","overlay-opacity":"","overlay-gradient":""},"mobile":{"background-color":"var(--ast-global-color-5)","background-image":"","background-repeat":"repeat","background-position":"center center","background-size":"auto","background-attachment":"scroll","background-type":"","background-media":"","overlay-type":"","overlay-color":"","overlay-opacity":"","overlay-gradient":""}},"_joinchat":[],"footnotes":""},"class_list":["post-5010","page","type-page","status-publish","hentry"],"_links":{"self":[{"href":"https:\/\/sarapinilla.com.co\/en\/wp-json\/wp\/v2\/pages\/5010","targetHints":{"allow":["GET"]}}],"collection":[{"href":"https:\/\/sarapinilla.com.co\/en\/wp-json\/wp\/v2\/pages"}],"about":[{"href":"https:\/\/sarapinilla.com.co\/en\/wp-json\/wp\/v2\/types\/page"}],"author":[{"embeddable":true,"href":"https:\/\/sarapinilla.com.co\/en\/wp-json\/wp\/v2\/users\/1"}],"replies":[{"embeddable":true,"href":"https:\/\/sarapinilla.com.co\/en\/wp-json\/wp\/v2\/comments?post=5010"}],"version-history":[{"count":37,"href":"https:\/\/sarapinilla.com.co\/en\/wp-json\/wp\/v2\/pages\/5010\/revisions"}],"predecessor-version":[{"id":6366,"href":"https:\/\/sarapinilla.com.co\/en\/wp-json\/wp\/v2\/pages\/5010\/revisions\/6366"}],"wp:attachment":[{"href":"https:\/\/sarapinilla.com.co\/en\/wp-json\/wp\/v2\/media?parent=5010"}],"curies":[{"name":"wp","href":"https:\/\/api.w.org\/{rel}","templated":true}]}}